{"id":3114,"date":"2025-12-29T05:37:44","date_gmt":"2025-12-29T05:37:44","guid":{"rendered":"https:\/\/olioil.io\/?page_id=3114"},"modified":"2026-02-20T06:29:13","modified_gmt":"2026-02-20T06:29:13","slug":"press-release","status":"publish","type":"page","link":"https:\/\/olioil.io\/fr\/press-release\/","title":{"rendered":"Communiqu\u00e9 de presse"},"content":{"rendered":"<div data-elementor-type=\"wp-page\" data-elementor-id=\"3114\" class=\"elementor elementor-3114\">\n\t\t\t\t<div class=\"elementor-element elementor-element-bf575e2 e-flex e-con-boxed e-con e-parent\" data-id=\"bf575e2\" data-element_type=\"container\" data-e-type=\"container\" data-settings=\"{&quot;background_background&quot;:&quot;classic&quot;}\">\n\t\t\t\t\t<div class=\"e-con-inner\">\n\t\t\t\t<div class=\"elementor-element elementor-element-7b5020f elementor-widget elementor-widget-heading\" data-id=\"7b5020f\" data-element_type=\"widget\" data-e-type=\"widget\" data-widget_type=\"heading.default\">\n\t\t\t\t<div class=\"elementor-widget-container\">\n\t\t\t\t\t<h1 class=\"elementor-heading-title elementor-size-default\">Communiqu\u00e9 de presse<\/h1>\t\t\t\t<\/div>\n\t\t\t\t<\/div>\n\t\t\t\t\t<\/div>\n\t\t\t\t<\/div>\n\t\t<div class=\"elementor-element elementor-element-a78e041 e-flex e-con-boxed e-con e-parent\" data-id=\"a78e041\" data-element_type=\"container\" data-e-type=\"container\" data-settings=\"{&quot;background_background&quot;:&quot;classic&quot;}\">\n\t\t\t\t\t<div class=\"e-con-inner\">\n\t\t<div class=\"elementor-element elementor-element-a8cf160 e-con-full e-flex e-con e-child\" data-id=\"a8cf160\" data-element_type=\"container\" data-e-type=\"container\" data-settings=\"{&quot;background_background&quot;:&quot;classic&quot;}\">\n\t\t\t\t<div class=\"elementor-element elementor-element-96c96ed elementor-widget elementor-widget-text-editor\" data-id=\"96c96ed\" data-element_type=\"widget\" data-e-type=\"widget\" data-widget_type=\"text-editor.default\">\n\t\t\t\t<div class=\"elementor-widget-container\">\n\t\t\t\t\t\t\t\t\t<p>DERNI\u00c8RE HISTOIRE<\/p>\t\t\t\t\t\t\t\t<\/div>\n\t\t\t\t<\/div>\n\t\t\t\t<div class=\"elementor-element elementor-element-c04bb2c elementor-grid-eael-col-1 elementor-grid-tablet-eael-col-2 elementor-grid-mobile-eael-col-1 elementor-widget elementor-widget-eael-post-grid\" data-id=\"c04bb2c\" data-element_type=\"widget\" data-e-type=\"widget\" data-settings=\"{&quot;eael_post_grid_columns&quot;:&quot;eael-col-1&quot;,&quot;eael_post_grid_columns_tablet&quot;:&quot;eael-col-2&quot;,&quot;eael_post_grid_columns_mobile&quot;:&quot;eael-col-1&quot;}\" data-widget_type=\"eael-post-grid.default\">\n\t\t\t\t<div class=\"elementor-widget-container\">\n\t\t\t\t\t<div id=\"eael-post-grid-c04bb2c\" class=\"eael-post-grid-container\">\n            <div class=\"eael-post-grid eael-post-appender eael-post-appender-c04bb2c eael-post-grid-style-default\" data-layout-mode=\"grid\"><article class=\"eael-grid-post eael-post-grid-column eael-pg-post-3375\" data-id=\"3375\">\n        <div class=\"eael-grid-post-holder\">\n            <div class=\"eael-grid-post-holder-inner\"><div class=\"eael-entry-wrapper\"><header class=\"eael-entry-header\"><h2 class=\"eael-entry-title\"><a\n                        class=\"eael-grid-post-link\"\n                        href=\"https:\/\/olioil.io\/fr\/olioil-targets-insurance-and-regulatory-exposure-with-automated-onboard-spill-containment\/\"\n                        title=\"OliOil vise l&#039;exposition aux assurances et \u00e0 la r\u00e9glementation gr\u00e2ce \u00e0 la confinement automatis\u00e9 des d\u00e9versements \u00e0 bord\">OliOil vise l'exposition aux assurances et \u00e0 la r\u00e9glementation gr\u00e2ce \u00e0 la confinement automatis\u00e9 des d\u00e9versements \u00e0 bord<\/a><\/h2><\/header><div class=\"eael-entry-content\">\n                        <div class=\"eael-grid-post-excerpt\"><a href=\"https:\/\/olioil.io\/fr\/olioil-targets-insurance-and-regulatory-exposure-with-automated-onboard-spill-containment\/\" class=\"eael-post-elements-readmore-btn\">En savoir plus &gt;<\/a><\/div>\n                    <\/div><\/div><\/div>\n        <\/div>\n    <\/article><\/div>\n            <div class=\"clearfix\"><\/div>\n        <\/div>            <div class=\"eael-load-more-button-wrap eael-force-hide\">\n                <button class=\"eael-load-more-button\" id=\"eael-load-more-btn-c04bb2c\" data-widget-id=\"c04bb2c\" data-widget=\"c04bb2c\" data-page-id=\"3114\" data-template=\"{&quot;dir&quot;:&quot;lite&quot;,&quot;file_name&quot;:&quot;default.php&quot;,&quot;name&quot;:&quot;Post-Grid&quot;}\" data-class=\"Essential_Addons_Elementor\\Elements\\Post_Grid\" data-layout=\"grid\" data-page=\"1\" data-args=\"orderby=date&amp;order=desc&amp;ignore_sticky_posts=1&amp;post_status=publish&amp;posts_per_page=1&amp;offset=0&amp;post_type=post\" data-max-page=\"5\">\n                    <span class=\"eael-btn-loader button__loader\"><\/span>\n                    <span class=\"eael_load_more_text\">Voir plus<\/span>\n                <\/button>\n            <\/div>\n            \t\t\t\t<\/div>\n\t\t\t\t<\/div>\n\t\t\t\t<\/div>\n\t\t\t\t\t<\/div>\n\t\t\t\t<\/div>\n\t\t<div class=\"elementor-element elementor-element-fede375 e-flex e-con-boxed e-con e-parent\" data-id=\"fede375\" data-element_type=\"container\" data-e-type=\"container\" id=\"postcard_1\" data-settings=\"{&quot;background_background&quot;:&quot;classic&quot;}\">\n\t\t\t\t\t<div class=\"e-con-inner\">\n\t\t\t\t<div class=\"elementor-element elementor-element-ec9b3d5 elementor-grid-eael-col-3 elementor-grid-tablet-eael-col-2 elementor-grid-mobile-eael-col-1 elementor-widget elementor-widget-eael-post-grid\" data-id=\"ec9b3d5\" data-element_type=\"widget\" data-e-type=\"widget\" data-settings=\"{&quot;eael_post_grid_columns&quot;:&quot;eael-col-3&quot;,&quot;eael_post_grid_columns_tablet&quot;:&quot;eael-col-2&quot;,&quot;eael_post_grid_columns_mobile&quot;:&quot;eael-col-1&quot;}\" data-widget_type=\"eael-post-grid.default\">\n\t\t\t\t<div class=\"elementor-widget-container\">\n\t\t\t\t\t<div id=\"eael-post-grid-ec9b3d5\" class=\"eael-post-grid-container\">\n            <div class=\"eael-post-grid eael-post-appender eael-post-appender-ec9b3d5 eael-post-grid-style-default\" data-layout-mode=\"grid\"><article class=\"eael-grid-post eael-post-grid-column eael-pg-post-3375\" data-id=\"3375\">\n        <div class=\"eael-grid-post-holder\">\n            <div class=\"eael-grid-post-holder-inner\"><div class=\"eael-entry-wrapper\"><header class=\"eael-entry-header\"><h2 class=\"eael-entry-title\"><a\n                        class=\"eael-grid-post-link\"\n                        href=\"https:\/\/olioil.io\/fr\/olioil-targets-insurance-and-regulatory-exposure-with-automated-onboard-spill-containment\/\"\n                        title=\"OliOil vise l&#039;exposition aux assurances et \u00e0 la r\u00e9glementation gr\u00e2ce \u00e0 la confinement automatis\u00e9 des d\u00e9versements \u00e0 bord\">OliOil vise l'exposition aux assurances et \u00e0 la r\u00e9glementation gr\u00e2ce \u00e0 la confinement automatis\u00e9 des d\u00e9versements \u00e0 bord<\/a><\/h2><\/header><div class=\"eael-entry-footer\"><div class=\"eael-entry-meta\"><span class=\"eael-posted-by\"><a href=\"https:\/\/olioil.io\/fr\/author\/olioil4sos\/\" title=\"Posts by olioil4sos\" rel=\"author\">olioil4sos<\/a><\/span><span class=\"eael-posted-on\"><time datetime=\"f\u00e9vrier 19, 2026\">19 f\u00e9vrier 2026<\/time><\/span><\/div><\/div><\/div><\/div>\n        <\/div>\n    <\/article><article class=\"eael-grid-post eael-post-grid-column eael-pg-post-3312\" data-id=\"3312\">\n        <div class=\"eael-grid-post-holder\">\n            <div class=\"eael-grid-post-holder-inner\"><div class=\"eael-entry-wrapper\"><header class=\"eael-entry-header\"><h2 class=\"eael-entry-title\"><a\n                        class=\"eael-grid-post-link\"\n                        href=\"https:\/\/olioil.io\/fr\/olioil-meets-with-finlands-consul-general-in-new-york-to-advance-cleaner-safer-oceans\/\"\n                        title=\"OliOil rencontre le Consul G\u00e9n\u00e9ral de Finlande \u00e0 New York pour promouvoir des oc\u00e9ans plus propres et plus s\u00fbrs\">OliOil rencontre le Consul G\u00e9n\u00e9ral de Finlande \u00e0 New York pour promouvoir des oc\u00e9ans plus propres et plus s\u00fbrs<\/a><\/h2><\/header><div class=\"eael-entry-footer\"><div class=\"eael-entry-meta\"><span class=\"eael-posted-by\"><a href=\"https:\/\/olioil.io\/fr\/author\/olioil4sos\/\" title=\"Posts by olioil4sos\" rel=\"author\">olioil4sos<\/a><\/span><span class=\"eael-posted-on\"><time datetime=\"janvier 19, 2026\">19 janvier 2026<\/time><\/span><\/div><\/div><\/div><\/div>\n        <\/div>\n    <\/article><article class=\"eael-grid-post eael-post-grid-column eael-pg-post-3291\" data-id=\"3291\">\n        <div class=\"eael-grid-post-holder\">\n            <div class=\"eael-grid-post-holder-inner\"><div class=\"eael-entry-wrapper\"><header class=\"eael-entry-header\"><h2 class=\"eael-entry-title\"><a\n                        class=\"eael-grid-post-link\"\n                        href=\"https:\/\/olioil.io\/fr\/reseau-chede-hosts-prestigious-gala-at-the-yacht-club-de-france-to-celebrate-the-year-of-the-sea\/\"\n                        title=\"Le R\u00e9seau CHEDE organise un gala prestigieux au Yacht Club de France pour c\u00e9l\u00e9brer l\u201c\u201d Ann\u00e9e de la Mer \u00bb\">Le R\u00e9seau CHEDE organise un gala prestigieux au Yacht Club de France pour c\u00e9l\u00e9brer l\u201c\u201d Ann\u00e9e de la Mer \u00bb<\/a><\/h2><\/header><div class=\"eael-entry-footer\"><div class=\"eael-entry-meta\"><span class=\"eael-posted-by\"><a href=\"https:\/\/olioil.io\/fr\/author\/olioil4sos\/\" title=\"Posts by olioil4sos\" rel=\"author\">olioil4sos<\/a><\/span><span class=\"eael-posted-on\"><time datetime=\"novembre 21, 2025\">21 novembre 2025<\/time><\/span><\/div><\/div><\/div><\/div>\n        <\/div>\n    <\/article><article class=\"eael-grid-post eael-post-grid-column eael-pg-post-3289\" data-id=\"3289\">\n        <div class=\"eael-grid-post-holder\">\n            <div class=\"eael-grid-post-holder-inner\"><div class=\"eael-entry-wrapper\"><header class=\"eael-entry-header\"><h2 class=\"eael-entry-title\"><a\n                        class=\"eael-grid-post-link\"\n                        href=\"https:\/\/olioil.io\/fr\/beatrice-saillard-head-of-public-affairs-partnerships\/\"\n                        title=\"B\u00e9atrice Saillard \u201c Responsable des affaires publiques et des partenariats \u201d\">B\u00e9atrice Saillard \u201c Responsable des affaires publiques et des partenariats \u201d<\/a><\/h2><\/header><div class=\"eael-entry-footer\"><div class=\"eael-entry-meta\"><span class=\"eael-posted-by\"><a href=\"https:\/\/olioil.io\/fr\/author\/olioil4sos\/\" title=\"Posts by olioil4sos\" rel=\"author\">olioil4sos<\/a><\/span><span class=\"eael-posted-on\"><time datetime=\"novembre 11, 2025\">11 novembre 2025<\/time><\/span><\/div><\/div><\/div><\/div>\n        <\/div>\n    <\/article><article class=\"eael-grid-post eael-post-grid-column eael-pg-post-3308\" data-id=\"3308\">\n        <div class=\"eael-grid-post-holder\">\n            <div class=\"eael-grid-post-holder-inner\"><div class=\"eael-entry-wrapper\"><header class=\"eael-entry-header\"><h2 class=\"eael-entry-title\"><a\n                        class=\"eael-grid-post-link\"\n                        href=\"https:\/\/olioil.io\/fr\/marpol-needs-to-be-revised\/\"\n                        title=\"\u201cLe MARPOL doit \u00eatre r\u00e9vis\u00e9\u201d\">\u201cLe MARPOL doit \u00eatre r\u00e9vis\u00e9\u201d<\/a><\/h2><\/header><div class=\"eael-entry-footer\"><div class=\"eael-entry-meta\"><span class=\"eael-posted-by\"><a href=\"https:\/\/olioil.io\/fr\/author\/olioil4sos\/\" title=\"Posts by olioil4sos\" rel=\"author\">olioil4sos<\/a><\/span><span class=\"eael-posted-on\"><time datetime=\"ao\u00fbt 26, 2025\">26 ao\u00fbt 2025<\/time><\/span><\/div><\/div><\/div><\/div>\n        <\/div>\n    <\/article><\/div>\n            <div class=\"clearfix\"><\/div>\n        <\/div>\t\t\t\t<\/div>\n\t\t\t\t<\/div>\n\t\t\t\t\t<\/div>\n\t\t\t\t<\/div>\n\t\t\t\t<\/div>","protected":false},"excerpt":{"rendered":"<p>Press Release LATEST STORY OliOil Targets Insurance and Regulatory Exposure with Automated Onboard Spill Containment Read More &gt; Load More OliOil Targets Insurance and Regulatory Exposure with Automated Onboard Spill Containment olioil4sosFebruary 19, 2026 OliOil Meets with Finland\u2019s Consul General in New York to Advance Cleaner, Safer Oceans olioil4sosJanuary 19, 2026 R\u00e9seau CHEDE Hosts Prestigious [&hellip;]<\/p>\n","protected":false},"author":1,"featured_media":0,"parent":0,"menu_order":0,"comment_status":"closed","ping_status":"closed","template":"","meta":{"om_disable_all_campaigns":false,"site-sidebar-layout":"no-sidebar","site-content-layout":"page-builder","ast-site-content-layout":"full-width-container","site-content-style":"default","site-sidebar-style":"default","ast-global-header-display":"","ast-banner-title-visibility":"","ast-main-header-display":"","ast-hfb-above-header-display":"","ast-hfb-below-header-display":"","ast-hfb-mobile-header-display":"","site-post-title":"disabled","ast-breadcrumbs-content":"","ast-featured-img":"disabled","footer-sml-layout":"","ast-disable-related-posts":"","theme-transparent-header-meta":"","adv-header-id-meta":"","stick-header-meta":"","header-above-stick-meta":"","header-main-stick-meta":"","header-below-stick-meta":"","astra-migrate-meta-layouts":"default","ast-page-background-enabled":"default","ast-page-background-meta":{"desktop":{"background-color":"","background-image":"","background-repeat":"repeat","background-position":"center center","background-size":"auto","background-attachment":"scroll","background-type":"","background-media":"","overlay-type":"","overlay-color":"","overlay-opacity":"","overlay-gradient":""},"tablet":{"background-color":"","background-image":"","background-repeat":"repeat","background-position":"center center","background-size":"auto","background-attachment":"scroll","background-type":"","background-media":"","overlay-type":"","overlay-color":"","overlay-opacity":"","overlay-gradient":""},"mobile":{"background-color":"","background-image":"","background-repeat":"repeat","background-position":"center center","background-size":"auto","background-attachment":"scroll","background-type":"","background-media":"","overlay-type":"","overlay-color":"","overlay-opacity":"","overlay-gradient":""}},"ast-content-background-meta":{"desktop":{"background-color":"var(--ast-global-color-5)","background-image":"","background-repeat":"repeat","background-position":"center center","background-size":"auto","background-attachment":"scroll","background-type":"","background-media":"","overlay-type":"","overlay-color":"","overlay-opacity":"","overlay-gradient":""},"tablet":{"background-color":"var(--ast-global-color-5)","background-image":"","background-repeat":"repeat","background-position":"center center","background-size":"auto","background-attachment":"scroll","background-type":"","background-media":"","overlay-type":"","overlay-color":"","overlay-opacity":"","overlay-gradient":""},"mobile":{"background-color":"var(--ast-global-color-5)","background-image":"","background-repeat":"repeat","background-position":"center center","background-size":"auto","background-attachment":"scroll","background-type":"","background-media":"","overlay-type":"","overlay-color":"","overlay-opacity":"","overlay-gradient":""}},"footnotes":""},"class_list":["post-3114","page","type-page","status-publish","hentry"],"aioseo_notices":[],"_links":{"self":[{"href":"https:\/\/olioil.io\/fr\/wp-json\/wp\/v2\/pages\/3114","targetHints":{"allow":["GET"]}}],"collection":[{"href":"https:\/\/olioil.io\/fr\/wp-json\/wp\/v2\/pages"}],"about":[{"href":"https:\/\/olioil.io\/fr\/wp-json\/wp\/v2\/types\/page"}],"author":[{"embeddable":true,"href":"https:\/\/olioil.io\/fr\/wp-json\/wp\/v2\/users\/1"}],"replies":[{"embeddable":true,"href":"https:\/\/olioil.io\/fr\/wp-json\/wp\/v2\/comments?post=3114"}],"version-history":[{"count":47,"href":"https:\/\/olioil.io\/fr\/wp-json\/wp\/v2\/pages\/3114\/revisions"}],"predecessor-version":[{"id":3379,"href":"https:\/\/olioil.io\/fr\/wp-json\/wp\/v2\/pages\/3114\/revisions\/3379"}],"wp:attachment":[{"href":"https:\/\/olioil.io\/fr\/wp-json\/wp\/v2\/media?parent=3114"}],"curies":[{"name":"wp","href":"https:\/\/api.w.org\/{rel}","templated":true}]}}